{"id":14570,"date":"2023-06-26T15:50:56","date_gmt":"2023-06-26T13:50:56","guid":{"rendered":"https:\/\/www.young-stage.com\/?page_id=14570"},"modified":"2023-12-01T14:38:30","modified_gmt":"2023-12-01T13:38:30","slug":"festival-2023","status":"publish","type":"page","link":"https:\/\/www.young-stage.com\/en\/impressionen\/festival-2023\/","title":{"rendered":"Festival 2023"},"content":{"rendered":"<section class=\"wpb-content-wrapper\"><p>[vc_row][vc_column][vc_column_text]<\/p>\n<h1>Festival 2023<\/h1>\n<p>[\/vc_column_text]<div class=\"dfd-spacer-module\"  data-units=\"px\" data-wide_resolution=\"1280\" data-wide_size=\"120\" data-normal_resolution=\"1024\" data-normal_size=\"120\" data-tablet_resolution=\"800\" data-tablet_size=\"120\" data-mobile_resolution=\"480\" data-mobile_size=\"120\" style=\"height: 120px;\"><\/div>[\/vc_column][\/vc_row][vc_row][vc_column][vc_column_text]Copyright all photos by Pablo W\u00fcnsch Blanco <a href=\"https:\/\/pablowunschblanco.com\" target=\"_blank\" rel=\"noopener noreferrer\">https:\/\/pablowunschblanco.com<\/a>\u00a0&amp; Marc Gilgen<\/p>\n<h3><strong>The Artists<\/strong><\/h3>\n<p>[\/vc_column_text]<div class=\"dfd-spacer-module\"  data-units=\"px\" data-wide_resolution=\"1280\" data-wide_size=\"40\" data-normal_resolution=\"1024\" data-normal_size=\"40\" data-tablet_resolution=\"800\" data-tablet_size=\"40\" data-mobile_resolution=\"480\" data-mobile_size=\"40\" style=\"height: 40px;\"><\/div>[vc_masonry_media_grid grid_id=&#8221;vc_gid:1701437890831-86c60e9c-b960-10&#8243; include=&#8221;14577,14578,14579,14580,14581,14582,14583,14584,14585,14586,14587,14588,14589,14590,14591,14592,14593,14594,14595,14596,14597,14598,14599,14600,14601,14602,14603,14604,14605,14606,14607,14608,14609&#8243;]<div class=\"dfd-spacer-module\"  data-units=\"px\" data-wide_resolution=\"1280\" data-wide_size=\"80\" data-normal_resolution=\"1024\" data-normal_size=\"80\" data-tablet_resolution=\"800\" data-tablet_size=\"80\" data-mobile_resolution=\"480\" data-mobile_size=\"80\" style=\"height: 80px;\"><\/div>[\/vc_column][\/vc_row][vc_row][vc_column][vc_column_text]<\/p>\n<h3><strong>Backstage<\/strong><\/h3>\n<p>[\/vc_column_text]<div class=\"dfd-spacer-module\"  data-units=\"px\" data-wide_resolution=\"1280\" data-wide_size=\"40\" data-normal_resolution=\"1024\" data-normal_size=\"40\" data-tablet_resolution=\"800\" data-tablet_size=\"40\" data-mobile_resolution=\"480\" data-mobile_size=\"40\" style=\"height: 40px;\"><\/div>[vc_masonry_media_grid grid_id=&#8221;vc_gid:1701437890831-bd27fcf6-a284-9&#8243; include=&#8221;14610,14611,14612,14613,14614,14615,14616,14617,14618,14619,14620,14621,14622,14623,14624,14625,14626,14627&#8243;]<div class=\"dfd-spacer-module\"  data-units=\"px\" data-wide_resolution=\"1280\" data-wide_size=\"80\" data-normal_resolution=\"1024\" data-normal_size=\"80\" data-tablet_resolution=\"800\" data-tablet_size=\"80\" data-mobile_resolution=\"480\" data-mobile_size=\"80\" style=\"height: 80px;\"><\/div>[\/vc_column][\/vc_row][vc_row][vc_column]<div class=\"dfd-spacer-module\"  data-units=\"px\" data-wide_resolution=\"1280\" data-wide_size=\"40\" data-normal_resolution=\"1024\" data-normal_size=\"40\" data-tablet_resolution=\"800\" data-tablet_size=\"40\" data-mobile_resolution=\"480\" data-mobile_size=\"40\" style=\"height: 40px;\"><\/div>[vc_column_text]<\/p>\n<h3><strong>Winner<\/strong><\/h3>\n<p>[\/vc_column_text][vc_masonry_media_grid grid_id=&#8221;vc_gid:1701437890832-f73d3058-44c0-1&#8243; include=&#8221;14628,14629,14630,14631,14632,14633,14634,14635,14636,14637,14638&#8243;]<div class=\"dfd-spacer-module\"  data-units=\"px\" data-wide_resolution=\"1280\" data-wide_size=\"80\" data-normal_resolution=\"1024\" data-normal_size=\"80\" data-tablet_resolution=\"800\" data-tablet_size=\"80\" data-mobile_resolution=\"480\" data-mobile_size=\"80\" style=\"height: 80px;\"><\/div>[\/vc_column][\/vc_row][vc_row][vc_column]<div class=\"dfd-spacer-module\"  data-units=\"px\" data-wide_resolution=\"1280\" data-wide_size=\"40\" data-normal_resolution=\"1024\" data-normal_size=\"40\" data-tablet_resolution=\"800\" data-tablet_size=\"40\" data-mobile_resolution=\"480\" data-mobile_size=\"40\" style=\"height: 40px;\"><\/div>[vc_column_text]<\/p>\n<h3><strong>Ambient<\/strong><\/h3>\n<p>[\/vc_column_text][vc_masonry_media_grid grid_id=&#8221;vc_gid:1701437890833-2ae2d54d-d3ab-10&#8243; include=&#8221;14639,14640,14641,14642,14643,14644,14645,14646,14647,14648,14649,14650&#8243;]<div class=\"dfd-spacer-module\"  data-units=\"px\" data-wide_resolution=\"1280\" data-wide_size=\"80\" data-normal_resolution=\"1024\" data-normal_size=\"80\" data-tablet_resolution=\"800\" data-tablet_size=\"80\" data-mobile_resolution=\"480\" data-mobile_size=\"80\" style=\"height: 80px;\"><\/div>[\/vc_column][\/vc_row][vc_row][vc_column]<div class=\"dfd-spacer-module\"  data-units=\"px\" data-wide_resolution=\"1280\" data-wide_size=\"40\" data-normal_resolution=\"1024\" data-normal_size=\"40\" data-tablet_resolution=\"800\" data-tablet_size=\"40\" data-mobile_resolution=\"480\" data-mobile_size=\"40\" style=\"height: 40px;\"><\/div>[vc_column_text]<\/p>\n<h3><strong>Open Air<\/strong><\/h3>\n<p>[\/vc_column_text][vc_masonry_media_grid grid_id=&#8221;vc_gid:1701437890834-1ed5b252-160b-8&#8243; include=&#8221;14651,14652,14653,14654,14655,14656,14657,14658,14659,14660,14661,14662,14663,14664,14665,14666,14667,14668&#8243;]<div class=\"dfd-spacer-module\"  data-units=\"px\" data-wide_resolution=\"1280\" data-wide_size=\"80\" data-normal_resolution=\"1024\" data-normal_size=\"80\" data-tablet_resolution=\"800\" data-tablet_size=\"80\" data-mobile_resolution=\"480\" data-mobile_size=\"80\" style=\"height: 80px;\"><\/div>[\/vc_column][\/vc_row][vc_row][vc_column][vc_column_text]<strong>PARTICIPANTS<\/strong><\/p>\n<p>Anja Habegger (CH), Aerial Straps<\/p>\n<p>Duo Mario &amp; Mela \/ Adrien Borruat (CH) &amp; Larissa Wagenhals (DE), Physical Comedy<\/p>\n<p>Shena Tschofen (USA &amp; AUT), Cyr Wheel<\/p>\n<p>Hng Thean Leong (MYS), Diabolo<\/p>\n<p>Half in Company \/ Morgane St\u00e4heli &amp; S\u00e9bastien Klink (CH), Duo Trapeze<\/p>\n<p>Artur Dudov &amp; Esmira Kuliieva (UKR), Aerial Straps Duo<\/p>\n<p>Ada Forsberg, Anselmi Kaisanlahti, Armas Lintusaari (FIN), Hand to Hand<\/p>\n<p>Yaoyao Guo (CHN), Handstand<\/p>\n<p>Hoops D\u00e9sol\u00e9 \/ Jacob Gegoire, Augustin Th\u00e9riault (CAN), Theddy Nardin (CH), Santiago Esviza (ARG), Hoop Diving<\/p>\n<p>Niklas Bothe (DE), Hula Hoop<\/p>\n<p>Gamo Brothers \/ Abreham Nibret Alamirew &amp; Yabtsega Tadegegn Abreham (ETH), Icarian Games<\/p>\n<p>Alonso Gonzalez Barria (CHL), Juggling<\/p>\n<p>Nathan Schneider, Gilles Thu\u00e9gaz, Sol\u00e8ne H\u00e4feli (CH), Teeterboard<\/p>\n<p>&nbsp;<\/p>\n<p><strong>WINNERS<br \/>\n<\/strong><\/p>\n<p><strong>Golden Star<\/strong><br \/>\nHng Thean Leong (MYS), Diabolo<\/p>\n<p><strong>Silver Star<\/strong><br \/>\nYaoyao Guo (CHN), Handstand<\/p>\n<p><strong>Bronze Star<\/strong><br \/>\nAlonso Gonzalez Barria (CHL), Juggling<\/p>\n<p>&nbsp;<\/p>\n<p><strong>SPECIAL AWARDS<\/strong><\/p>\n<p><strong>Auszeichnung von Recirquel Cirque Danse\u00a0(HUN)<\/strong><br \/>\nArtur Dudov &amp; Esmira Kuliieva (Ukraine) |\u00a0Aerial Straps Duo<\/p>\n<p><strong>Cirque du Soleil Award, CAN<\/strong><br \/>\nHng\u00a0Thean Leong (Malaysia) | Diabolo<\/p>\n<p><strong>Preis der Circus-, Variet\u00e9-, und Artistenfreunde der Schweiz<\/strong><br \/>\nAnja Habegger (Schweiz) | Aerial Straps<\/p>\n<p><strong>Auszeichnung der Europa-Park Talent Academy<\/strong><br \/>\nArtur Dudov &amp; Esmira Kuliieva (Ukraine) |\u00a0Aerial Straps Duo<\/p>\n<p><strong>Auszeichnung des Circus Monti, CH<\/strong><br \/>\nAda Forsberg, Anselmi Aisanlathi, Armas Lintusaari (Finnland) | Hand to Hand<\/p>\n<p><strong>The 7 Fingers Award, CAN<\/strong><br \/>\nAlonso Gonzalez Barria (Chile) | Chile<\/p>\n<p><strong>Preis vom Schweizerischen Verband der Circusschulen (FSEC)<\/strong><br \/>\nNathan Schneider, Gilles Thu\u00e9gaz, Sol\u00e8ne Haefeli (Schweiz) | Teeterboard<\/p>\n<p>&nbsp;<\/p>\n<p><strong>ENGAGEMENT AWARDS<\/strong><\/p>\n<p><strong>Festival International du Cirque de Monte Carlo | Young Generation (Monaco)<\/strong><br \/>\nDuo Mario &amp; Mela |\u00a0Adrien Borruat (Schweiz) &amp; Larissa Wagenhals (Deutschland) | Physical Comedy<\/p>\n<p><strong>Im Krystallpalast Variet\u00e9 Leipzig (DE)<\/strong><br \/>\nAda Forsberg, Anselmi Aisanlathi, Armas Lintusaari (Finnland) | Hand to Hand<\/p>\n<p><strong>Im\u00a0Cirque Imagine (FR)<\/strong><br \/>\nDuo Mario &amp; Mela |\u00a0Adrien Borruat (Schweiz) &amp; Larissa Wagenhals (Deutschland) | Physical Comedy<\/p>\n<p><strong>Beim International Salieri Circus Festival (IT)<\/strong><br \/>\nHng\u00a0Thean Leong (Malaysia) | Diabolo<\/p>\n<p><strong>Im Wintergarten Variet\u00e9 (DE)<\/strong><br \/>\nHng\u00a0Thean Leong (Malaysia) | Diabolo<\/p>\n<p><strong>Bei \u201eJingle Bern\u201c im Casino Bern (CH)<\/strong><br \/>\nNiklas Bothe (Deutschland) | Hula Hoop<\/p>\n<p><strong>Bei \u201eStille Kracht\u201c im Casino Theater Winterthur (CH)<\/strong><br \/>\nYaoyao Guo\u00a0(China) | Handstand<\/p>\n<p><strong>Im GOP-Variet\u00e9 (DE)<\/strong><br \/>\nShena Tschofen (USA &amp; \u00d6sterreich) | Cyr Wheel<\/p>\n<p><strong>Im Europa-Park (DE)<\/strong><br \/>\nGamo\u00a0Brothers |\u00a0Abreham Nibret Alamirew &amp; Yabtsega Tadegegn Abreham (\u00c4thiopien) | Icarian Games<\/p>\n<p><strong>Im Palazzo Colombino (CH)<\/strong><br \/>\nNiklas Bothe (Deutschland) | Hula Hoop<\/p>\n<p><strong>Bei Feuerwerk der Turnkunst (DE)<\/strong><br \/>\nYaoyao Guo\u00a0(China) | Handstand<\/p>\n<p><strong>Im Circus Roncalli (DE)<\/strong><br \/>\nGamo\u00a0Brothers |\u00a0Abreham Nibret Alamirew &amp; Yabtsega Tadegegn Abreham (\u00c4thiopien) | Icarian Games<\/p>\n<p>&nbsp;<\/p>\n<p><strong>JURY 2023<\/strong><\/p>\n<p><strong>SANDRA WAWER<br \/>\n<\/strong>K\u00fcnstlerische Direktorin @ GOP Variet\u00e9, Deutschland<\/p>\n<p><strong>ADRIAN PORTER<br \/>\n<\/strong>Leiter der Hochschulausbildung @ National Centre for Circus Arts, London<\/p>\n<p><strong>URS PILZ<br \/>\n<\/strong>Artistischer Direktor @ Internationales Circus Festival, Monte Carlo<\/p>\n<p><strong>MASHA DIMITRI<br \/>\n<\/strong>Konzept, Regie &amp; Choreographie<\/p>\n<p><strong>PAVEL KOTOV<br \/>\n<\/strong>Senior Director Casting and Artist Management @ Cirque du Soleil, Canada<\/p>\n<p><strong>IAN JENKINS\u00a0<\/strong><br \/>\nCasting Direktor &amp; Projektentwicklung @ Europa Park, Deutschland<br \/>\nKreativdirektor Blue Banana Entertainment @Europa Park, Deutschland<\/p>\n<p><strong>KRISTIAN KRISTOF<br \/>\n<\/strong>Internationaler Leiter @ Recirquel Cirque Danse von Bence V\u00e1gi, Ungarn<\/p>\n<p><strong>ANDR\u00c9ANNE QUINTAL<br \/>\n<\/strong>Produzentin und k\u00fcnstlerische Leiterin @ Spicy Circus, Kanada, Schweiz<\/p>\n<p>&nbsp;<\/p>\n<p><strong>SPONSORS AND PARTNER<\/strong><\/p>\n<p><strong>Patronat<br \/>\n<\/strong>Isaac Dreyfus-Bernheim Stiftung<strong>\u00a0<\/strong><\/p>\n<p><strong>Medical Partner<br \/>\n<\/strong>Merian Iselin<\/p>\n<p><strong>Transformation Partner<br \/>\n<\/strong>IWB<\/p>\n<p><strong>Venue Partner<br \/>\n<\/strong>MCH<\/p>\n<p>&nbsp;<\/p>\n<p><strong>Official Partner<br \/>\n<\/strong>Europa Park<br \/>\nImplenia<br \/>\ncr Basel<br \/>\nWinkler Livecom<br \/>\nEssential by Dorint<\/p>\n<p>&nbsp;<\/p>\n<p><strong>Media Partner<br \/>\n<\/strong>Sat. 1 (Schweiz)<br \/>\nTelebasel<br \/>\nDie Oberbadische<br \/>\nBasilisk<br \/>\nBasel Live.<br \/>\nBZ<br \/>\nBasel Aktuell<br \/>\n<em>Memo Media (Nur auf Website)<\/em><\/p>\n<p>&nbsp;<\/p>\n<p><strong>Foundations &amp; Institutions<br \/>\n<\/strong>Swisslos Fonds Basel-Stadt<br \/>\nSwisslos Fonds Basel-Landschaft<br \/>\nCMS<br \/>\nSulger-Stiftung<br \/>\nErnst G\u00f6hner Stiftung<br \/>\nThomi Hopf Stiftung<br \/>\nSchweizerische Interpretenstiftung<\/p>\n<p>(and many more foundations who do not want to be published)<\/p>\n<p><span style=\"font-weight: 400;\">\u00a0<\/span><\/p>\n<p style=\"font-weight: 400;\"><strong>Supplier<br \/>\n<\/strong>Wassermann Catering<br \/>\nCircus Monti<br \/>\nBlo.ch druck<br \/>\nBasel Tourismus<br \/>\nEvent Trend<br \/>\nEptinger<br \/>\nUnser Bier<br \/>\nCreaplot<br \/>\nPhotobooth Pro<\/p>\n<p>&nbsp;<\/p>\n<p style=\"font-weight: 400;\"><strong>Network Partner<br \/>\n<\/strong><em>FEDEC<br \/>\n<\/em><em>CIRCUS TALK<\/em><\/p>\n<p style=\"font-weight: 400;\"><strong>HOST:<br \/>\n<\/strong>Max Loong<strong>\u00a0<\/strong><\/p>\n<p style=\"font-weight: 400;\"><strong>HEAD SHOW PRODUCTION:<br \/>\n<\/strong>Nadja Hauser<\/p>\n<p style=\"font-weight: 400;\"><strong>CHOREOGRAPHY:<br \/>\n<\/strong>Nadine Imboden<\/p>\n<p style=\"font-weight: 400;\"><strong>BAND:<br \/>\n<\/strong>\u00c4l Jawala<\/p>\n<p style=\"font-weight: 400;\"><strong>PHOTOGRAPHER:<br \/>\n<\/strong>Pablo W\u00fcnsch Blanco &amp; Marc Gilgen<\/p>\n<p>[\/vc_column_text][vc_empty_space][vc_raw_html]JTNDc3R5bGUlM0UlMEElMjAlMjAudmlkZW8tY29udGFpbmVyJTIwJTdCJTBBJTIwJTIwJTIwJTIwcG9zaXRpb24lM0ElMjByZWxhdGl2ZSUzQiUwQSUyMCUyMCUyMCUyMHdpZHRoJTNBJTIwMTAwJTI1JTNCJTBBJTIwJTIwJTIwJTIwaGVpZ2h0JTNBJTIwMCUzQiUwQSUyMCUyMCUyMCUyMHBhZGRpbmctYm90dG9tJTNBJTIwNTYuMjUlMjUlM0IlMjAlMkYlMkElMjAxNiUzQTklMjBhc3BlY3QlMjByYXRpbyUyMCUyOGNoYW5nZSUyMHRoaXMlMjB2YWx1ZSUyMGFzJTIwbmVlZGVkJTI5JTIwJTJBJTJGJTBBJTIwJTIwJTdEJTBBJTBBJTIwJTIwLnZpZGVvLWNvbnRhaW5lciUyMHZpZGVvJTIwJTdCJTBBJTIwJTIwJTIwJTIwcG9zaXRpb24lM0ElMjBhYnNvbHV0ZSUzQiUwQSUyMCUyMCUyMCUyMHRvcCUzQSUyMDAlM0IlMEElMjAlMjAlMjAlMjBsZWZ0JTNBJTIwMCUzQiUwQSUyMCUyMCUyMCUyMHdpZHRoJTNBJTIwMTAwJTI1JTNCJTBBJTIwJTIwJTIwJTIwaGVpZ2h0JTNBJTIwYXV0byUzQiUwQSUyMCUyMCUyMCUyMG9iamVjdC1maXQlM0ElMjBjb3ZlciUzQiUwQSUyMCUyMCU3RCUwQSUzQyUyRnN0eWxlJTNFJTBBJTBBJTNDZGl2JTIwY2xhc3MlM0QlMjJ2aWRlby1jb250YWluZXIlMjIlM0UlMEElMjAlM0N2aWRlbyUyMGNvbnRyb2xzJTIwbXV0ZWQlMjBwbGF5c2lubGluZSUzRSUwQSUyMCUyMCUyMCUyMCUzQ3NvdXJjZSUyMHNyYyUzRCUyMmh0dHBzJTNBJTJGJTJGZ2pmZ3VoNG15YS53cGRucy5zaXRlJTJGd3AtY29udGVudCUyRnVwbG9hZHMlMkYyMDIzJTJGMDYlMkZQcm9iZW5jbGlwWVMyNF83MjBwLm1wNCUyMiUyMHR5cGUlM0QlMjJ2aWRlbyUyRm1wNCUyMiUzRSUwQSUyMCUyMCUyMCUyMFlvdXIlMjBicm93c2VyJTIwZG9lcyUyMG5vdCUyMHN1cHBvcnQlMjB0aGUlMjB2aWRlbyUyMHRhZy4lMEElMjAlMjAlM0MlMkZ2aWRlbyUzRSUwQSUzQyUyRmRpdiUzRQ==[\/vc_raw_html][vc_empty_space][vc_raw_html]JTNDc3R5bGUlM0UlMEElMjAlMjAudmlkZW8tY29udGFpbmVyJTIwJTdCJTBBJTIwJTIwJTIwJTIwcG9zaXRpb24lM0ElMjByZWxhdGl2ZSUzQiUwQSUyMCUyMCUyMCUyMHdpZHRoJTNBJTIwMTAwJTI1JTNCJTBBJTIwJTIwJTIwJTIwaGVpZ2h0JTNBJTIwMCUzQiUwQSUyMCUyMCUyMCUyMHBhZGRpbmctYm90dG9tJTNBJTIwNTYuMjUlMjUlM0IlMjAlMkYlMkElMjAxNiUzQTklMjBhc3BlY3QlMjByYXRpbyUyMCUyOGNoYW5nZSUyMHRoaXMlMjB2YWx1ZSUyMGFzJTIwbmVlZGVkJTI5JTIwJTJBJTJGJTBBJTIwJTIwJTdEJTBBJTBBJTIwJTIwLnZpZGVvLWNvbnRhaW5lciUyMHZpZGVvJTIwJTdCJTBBJTIwJTIwJTIwJTIwcG9zaXRpb24lM0ElMjBhYnNvbHV0ZSUzQiUwQSUyMCUyMCUyMCUyMHRvcCUzQSUyMDAlM0IlMEElMjAlMjAlMjAlMjBsZWZ0JTNBJTIwMCUzQiUwQSUyMCUyMCUyMCUyMHdpZHRoJTNBJTIwMTAwJTI1JTNCJTBBJTIwJTIwJTIwJTIwaGVpZ2h0JTNBJTIwYXV0byUzQiUwQSUyMCUyMCUyMCUyMG9iamVjdC1maXQlM0ElMjBjb3ZlciUzQiUwQSUyMCUyMCU3RCUwQSUzQyUyRnN0eWxlJTNFJTBBJTBBJTNDZGl2JTIwY2xhc3MlM0QlMjJ2aWRlby1jb250YWluZXIlMjIlM0UlMEElMjAlM0N2aWRlbyUyMGNvbnRyb2xzJTIwbXV0ZWQlMjBwbGF5c2lubGluZSUzRSUwQSUyMCUyMCUyMCUyMCUzQ3NvdXJjZSUyMHNyYyUzRCUyMmh0dHBzJTNBJTJGJTJGZ2pmZ3VoNG15YS53cGRucy5zaXRlJTJGd3AtY29udGVudCUyRnVwbG9hZHMlMkYyMDIzJTJGMDYlMkZZU09wZW5BaXIyM183MjAubXA0JTIyJTIwdHlwZSUzRCUyMnZpZGVvJTJGbXA0JTIyJTNFJTBBJTIwJTIwJTIwJTIwWW91ciUyMGJyb3dzZXIlMjBkb2VzJTIwbm90JTIwc3VwcG9ydCUyMHRoZSUyMHZpZGVvJTIwdGFnLiUwQSUyMCUyMCUzQyUyRnZpZGVvJTNFJTBBJTNDJTJGZGl2JTNF[\/vc_raw_html][\/vc_column][\/vc_row]<\/p>\n<\/section>","protected":false},"excerpt":{"rendered":"<p>[vc_row][vc_column][vc_column_text] Festival 2023 [\/vc_column_text][\/vc_column][\/vc_row][vc_row][vc_column][vc_column_text]Copyright all photos by Pablo W\u00fcnsch Blanco https:\/\/pablowunschblanco.com\u00a0&amp; Marc Gilgen The Artists [\/vc_column_text][vc_masonry_media_grid grid_id=&#8221;vc_gid:1701437890831-86c60e9c-b960-10&#8243; include=&#8221;14577,14578,14579,14580,14581,14582,14583,14584,14585,14586,14587,14588,14589,14590,14591,14592,14593,14594,14595,14596,14597,14598,14599,14600,14601,14602,14603,14604,14605,14606,14607,14608,14609&#8243;][\/vc_column][\/vc_row][vc_row][vc_column][vc_column_text] Backstage [\/vc_column_text][vc_masonry_media_grid grid_id=&#8221;vc_gid:1701437890831-bd27fcf6-a284-9&#8243; include=&#8221;14610,14611,14612,14613,14614,14615,14616,14617,14618,14619,14620,14621,14622,14623,14624,14625,14626,14627&#8243;][\/vc_column][\/vc_row][vc_row][vc_column][vc_column_text] Winner [\/vc_column_text][vc_masonry_media_grid grid_id=&#8221;vc_gid:1701437890832-f73d3058-44c0-1&#8243; include=&#8221;14628,14629,14630,14631,14632,14633,14634,14635,14636,14637,14638&#8243;][\/vc_column][\/vc_row][vc_row][vc_column][vc_column_text] Ambient [\/vc_column_text][vc_masonry_media_grid grid_id=&#8221;vc_gid:1701437890833-2ae2d54d-d3ab-10&#8243; include=&#8221;14639,14640,14641,14642,14643,14644,14645,14646,14647,14648,14649,14650&#8243;][\/vc_column][\/vc_row][vc_row][vc_column][vc_column_text]<\/p>\n","protected":false},"author":1,"featured_media":0,"parent":6201,"menu_order":0,"comment_status":"closed","ping_status":"closed","template":"","meta":{"inline_featured_image":false,"iawp_total_views":357,"footnotes":""},"class_list":["post-14570","page","type-page","status-publish","hentry"],"_links":{"self":[{"href":"https:\/\/www.young-stage.com\/en\/wp-json\/wp\/v2\/pages\/14570","targetHints":{"allow":["GET"]}}],"collection":[{"href":"https:\/\/www.young-stage.com\/en\/wp-json\/wp\/v2\/pages"}],"about":[{"href":"https:\/\/www.young-stage.com\/en\/wp-json\/wp\/v2\/types\/page"}],"author":[{"embeddable":true,"href":"https:\/\/www.young-stage.com\/en\/wp-json\/wp\/v2\/users\/1"}],"replies":[{"embeddable":true,"href":"https:\/\/www.young-stage.com\/en\/wp-json\/wp\/v2\/comments?post=14570"}],"version-history":[{"count":17,"href":"https:\/\/www.young-stage.com\/en\/wp-json\/wp\/v2\/pages\/14570\/revisions"}],"predecessor-version":[{"id":15197,"href":"https:\/\/www.young-stage.com\/en\/wp-json\/wp\/v2\/pages\/14570\/revisions\/15197"}],"up":[{"embeddable":true,"href":"https:\/\/www.young-stage.com\/en\/wp-json\/wp\/v2\/pages\/6201"}],"wp:attachment":[{"href":"https:\/\/www.young-stage.com\/en\/wp-json\/wp\/v2\/media?parent=14570"}],"curies":[{"name":"wp","href":"https:\/\/api.w.org\/{rel}","templated":true}]}}