{"id":9839,"date":"2020-10-07T11:16:53","date_gmt":"2020-10-07T09:16:53","guid":{"rendered":"https:\/\/www.young-stage.com\/?page_id=9839"},"modified":"2022-11-30T16:52:28","modified_gmt":"2022-11-30T15:52:28","slug":"festival-2016","status":"publish","type":"page","link":"https:\/\/www.young-stage.com\/en\/impressionen\/festival-2016\/","title":{"rendered":"Festival 2016"},"content":{"rendered":"<section class=\"wpb-content-wrapper\"><p>[vc_row][vc_column][vc_column_text]<\/p>\n<h1>Festival 2016<\/h1>\n<p>[\/vc_column_text]<div class=\"dfd-spacer-module\"  data-units=\"px\" data-wide_resolution=\"1280\" data-wide_size=\"40\" data-normal_resolution=\"1024\" data-normal_size=\"40\" data-tablet_resolution=\"800\" data-tablet_size=\"40\" data-mobile_resolution=\"480\" data-mobile_size=\"40\" style=\"height: 40px;\"><\/div><div class=\"dfd-spacer-module\"  data-units=\"px\" data-wide_resolution=\"1280\" data-wide_size=\"40\" data-normal_resolution=\"1024\" data-normal_size=\"40\" data-tablet_resolution=\"800\" data-tablet_size=\"40\" data-mobile_resolution=\"480\" data-mobile_size=\"40\" style=\"height: 40px;\"><\/div><div class=\"dfd-spacer-module\"  data-units=\"px\" data-wide_resolution=\"1280\" data-wide_size=\"40\" data-normal_resolution=\"1024\" data-normal_size=\"40\" data-tablet_resolution=\"800\" data-tablet_size=\"40\" data-mobile_resolution=\"480\" data-mobile_size=\"40\" style=\"height: 40px;\"><\/div>[\/vc_column][\/vc_row][vc_row][vc_column]<div class=\"dfd-spacer-module\"  data-units=\"px\" data-wide_resolution=\"1280\" data-wide_size=\"40\" data-normal_resolution=\"1024\" data-normal_size=\"40\" data-tablet_resolution=\"800\" data-tablet_size=\"40\" data-mobile_resolution=\"480\" data-mobile_size=\"40\" style=\"height: 40px;\"><\/div>[vc_video align=&#8221;center&#8221; link=&#8221;https:\/\/youtu.be\/m4jQMSezfFU?t=426&#8243;]<div class=\"dfd-spacer-module\"  data-units=\"px\" data-wide_resolution=\"1280\" data-wide_size=\"40\" data-normal_resolution=\"1024\" data-normal_size=\"40\" data-tablet_resolution=\"800\" data-tablet_size=\"40\" data-mobile_resolution=\"480\" data-mobile_size=\"40\" style=\"height: 40px;\"><\/div>[vc_video align=&#8221;center&#8221; link=&#8221;https:\/\/youtu.be\/EEB6J13bKtM&#8221;]<div class=\"dfd-spacer-module\"  data-units=\"px\" data-wide_resolution=\"1280\" data-wide_size=\"40\" data-normal_resolution=\"1024\" data-normal_size=\"40\" data-tablet_resolution=\"800\" data-tablet_size=\"40\" data-mobile_resolution=\"480\" data-mobile_size=\"40\" style=\"height: 40px;\"><\/div>[vc_video align=&#8221;center&#8221; link=&#8221;https:\/\/youtu.be\/nL0k9vEbFuE&#8221;]<div class=\"dfd-spacer-module\"  data-units=\"px\" data-wide_resolution=\"1280\" data-wide_size=\"40\" data-normal_resolution=\"1024\" data-normal_size=\"40\" data-tablet_resolution=\"800\" data-tablet_size=\"40\" data-mobile_resolution=\"480\" data-mobile_size=\"40\" style=\"height: 40px;\"><\/div>[vc_video align=&#8221;center&#8221; link=&#8221;https:\/\/vimeo.com\/190727331&#8243;]<div class=\"dfd-spacer-module\"  data-units=\"px\" data-wide_resolution=\"1280\" data-wide_size=\"40\" data-normal_resolution=\"1024\" data-normal_size=\"40\" data-tablet_resolution=\"800\" data-tablet_size=\"40\" data-mobile_resolution=\"480\" data-mobile_size=\"40\" style=\"height: 40px;\"><\/div><div class=\"dfd-spacer-module\"  data-units=\"px\" data-wide_resolution=\"1280\" data-wide_size=\"40\" data-normal_resolution=\"1024\" data-normal_size=\"40\" data-tablet_resolution=\"800\" data-tablet_size=\"40\" data-mobile_resolution=\"480\" data-mobile_size=\"40\" style=\"height: 40px;\"><\/div><div class=\"dfd-spacer-module\"  data-units=\"px\" data-wide_resolution=\"1280\" data-wide_size=\"40\" data-normal_resolution=\"1024\" data-normal_size=\"40\" data-tablet_resolution=\"800\" data-tablet_size=\"40\" data-mobile_resolution=\"480\" data-mobile_size=\"40\" style=\"height: 40px;\"><\/div>[\/vc_column][\/vc_row][vc_row][vc_column][vc_column_text]Copyright all photos by Pablo W\u00fcnsch Blanco<a href=\"https:\/\/pablowunschblanco.com\" target=\"_blank\" rel=\"noopener noreferrer\"> https:\/\/pablowunschblanco.com<\/a><\/p>\n<h3><strong>The Artists<\/strong><\/h3>\n<p>[\/vc_column_text]<div class=\"dfd-spacer-module\"  data-units=\"px\" data-wide_resolution=\"1280\" data-wide_size=\"40\" data-normal_resolution=\"1024\" data-normal_size=\"40\" data-tablet_resolution=\"800\" data-tablet_size=\"40\" data-mobile_resolution=\"480\" data-mobile_size=\"40\" style=\"height: 40px;\"><\/div>[vc_masonry_media_grid grid_id=&#8221;vc_gid:1669823355786-b5974782-7da1-2&#8243; include=&#8221;9337,9336,9335,9334,9333,9332,9331,9330,9329,9328,9327,9326,9325,9324&#8243;]<div class=\"dfd-spacer-module\"  data-units=\"px\" data-wide_resolution=\"1280\" data-wide_size=\"40\" data-normal_resolution=\"1024\" data-normal_size=\"40\" data-tablet_resolution=\"800\" data-tablet_size=\"40\" data-mobile_resolution=\"480\" data-mobile_size=\"40\" style=\"height: 40px;\"><\/div><div class=\"dfd-spacer-module\"  data-units=\"px\" data-wide_resolution=\"1280\" data-wide_size=\"40\" data-normal_resolution=\"1024\" data-normal_size=\"40\" data-tablet_resolution=\"800\" data-tablet_size=\"40\" data-mobile_resolution=\"480\" data-mobile_size=\"40\" style=\"height: 40px;\"><\/div>[\/vc_column][\/vc_row][vc_row][vc_column][vc_column_text]<\/p>\n<h3><strong>Backstage<\/strong><\/h3>\n<p>[\/vc_column_text]<div class=\"dfd-spacer-module\"  data-units=\"px\" data-wide_resolution=\"1280\" data-wide_size=\"40\" data-normal_resolution=\"1024\" data-normal_size=\"40\" data-tablet_resolution=\"800\" data-tablet_size=\"40\" data-mobile_resolution=\"480\" data-mobile_size=\"40\" style=\"height: 40px;\"><\/div>[vc_masonry_media_grid grid_id=&#8221;vc_gid:1669823355787-50d77bc3-8a61-8&#8243; include=&#8221;9345,9344,9343,9342,9341,9340,9339,9338&#8243;]<div class=\"dfd-spacer-module\"  data-units=\"px\" data-wide_resolution=\"1280\" data-wide_size=\"40\" data-normal_resolution=\"1024\" data-normal_size=\"40\" data-tablet_resolution=\"800\" data-tablet_size=\"40\" data-mobile_resolution=\"480\" data-mobile_size=\"40\" style=\"height: 40px;\"><\/div><div class=\"dfd-spacer-module\"  data-units=\"px\" data-wide_resolution=\"1280\" data-wide_size=\"40\" data-normal_resolution=\"1024\" data-normal_size=\"40\" data-tablet_resolution=\"800\" data-tablet_size=\"40\" data-mobile_resolution=\"480\" data-mobile_size=\"40\" style=\"height: 40px;\"><\/div>[\/vc_column][\/vc_row][vc_row][vc_column]<div class=\"dfd-spacer-module\"  data-units=\"px\" data-wide_resolution=\"1280\" data-wide_size=\"40\" data-normal_resolution=\"1024\" data-normal_size=\"40\" data-tablet_resolution=\"800\" data-tablet_size=\"40\" data-mobile_resolution=\"480\" data-mobile_size=\"40\" style=\"height: 40px;\"><\/div>[vc_column_text]<\/p>\n<h3><strong>Winner<\/strong><\/h3>\n<p>[\/vc_column_text][vc_masonry_media_grid grid_id=&#8221;vc_gid:1669823355788-a1fd3046-911b-6&#8243; include=&#8221;9356,9364,9363,9362,9361,9360,9359,9358,9357,9355,9353,9354,9346,9352,9351,9365,9350,9349,9348,9347&#8243;]<div class=\"dfd-spacer-module\"  data-units=\"px\" data-wide_resolution=\"1280\" data-wide_size=\"40\" data-normal_resolution=\"1024\" data-normal_size=\"40\" data-tablet_resolution=\"800\" data-tablet_size=\"40\" data-mobile_resolution=\"480\" data-mobile_size=\"40\" style=\"height: 40px;\"><\/div><div class=\"dfd-spacer-module\"  data-units=\"px\" data-wide_resolution=\"1280\" data-wide_size=\"40\" data-normal_resolution=\"1024\" data-normal_size=\"40\" data-tablet_resolution=\"800\" data-tablet_size=\"40\" data-mobile_resolution=\"480\" data-mobile_size=\"40\" style=\"height: 40px;\"><\/div>[\/vc_column][\/vc_row][vc_row][vc_column][vc_column_text]<\/p>\n<h1>This was the festival 2016<\/h1>\n<h2><strong>Participants 2016:<\/strong><\/h2>\n<p>Discipline: Jonglage\u2028Artists: Maksym Holovchenko, Vladyslav Gapanovych, Yevhenii Pakhalovych<br \/>\nCountry: Ukraine<\/p>\n<p>Discipline: Aerial\u2028Artist: Florence Amar<br \/>\nCountry: Canada \/ France<\/p>\n<p>Discipline: Hand to Hand\u2028Artists: Jose Miguel Martinez, Gabriela Diaz Cardozo<br \/>\nCountry: Colombia<\/p>\n<p>Discipline: Pole\u2028Artists: Toan Le, Milu Chuh, Ferenc Heinrich<br \/>\nCountry: Germany<\/p>\n<p>Discipline: Aerial\u2028Artist: Jason Lukas Br\u00fcgger<br \/>\nCountry: Switzerland<\/p>\n<p>Discipline: Diabolo\u2028Artist: Fabian Galouye<br \/>\nCountry: France<\/p>\n<p>Discipline: Breakdance\u2028Artists: Alexander Pollner, Marcel Geissler, Gregory Strischewsky, Michael Lamprecht, Raphael G\u00f6tz<br \/>\nCountry: Germany<\/p>\n<p>Discipline: Teeterboard \/ Chinese Pole\u2028Artists: Boris Fodella, Charlie Mach, Baptiste Clerc, Zackary Arnaud<br \/>\nCountry: France \/ Switzerland<\/p>\n<p>Discipline: Jonglage<br \/>\nArtist: Donial Kalex<br \/>\nCountry: Germany<\/p>\n<p>Discipline: Hula Hoop<br \/>\nArtist: M\u00e9lodie Lamoureux<br \/>\nCountry: Canada<\/p>\n<p>Discipline: Hand to Hand<br \/>\nArtists: Sofie Jasmin Sabroe, Tuk Frederiksen<br \/>\nCountry: Denmark<\/p>\n<p>Discipline: Aerial<br \/>\nArtists: Guillaume Mesmin, Anouk Blais<br \/>\nCountry: France \/ Canada<\/p>\n<p>Discipline: Roue Cyr<br \/>\nArtists: Jean-Baptiste Andr\u00e9, Robin Leo<br \/>\nCountry: France \/Belgium<\/p>\n<p>Discipline: Banquine<br \/>\nArtists: Jonathan Julien, Pauline Bonanni, Fr\u00e9d\u00e9ric Lemieux-Cormier, Colin Andr\u00e9-H\u00e9riaud, J\u00e9r\u00e9my Vitupier, Aaron DeWitt, Marie-Lee Guilbert, Philippe B\u00e9langer<br \/>\nCountry: Canada \/ France \/ USA<\/p>\n<h2><strong>Winners 2016:<\/strong><\/h2>\n<p>Golden Star: Aerial: Guillaume Mesmin, Anouk Blais \/ France, Canada<\/p>\n<p>Silver Star: Roue Cyr: Jean-Baptiste Andr\u00e9, Robin Leo \/ France, Belgium<\/p>\n<p>Bronze Star: Teeterboard\/Chinese Pole: Fodella, Charlie Mach, Baptiste Clerc, Zackary Arnaud \/ France, Switzerland<\/p>\n<p>YOUNG STAR Prize: Aerial: Jason Lukas Br\u00fcgger \/ Switzerland<br \/>\nPublic\u2019s Choice Award: Breakdance: Alexander Pollner, Marcel Geissler, Gregory Strischewsky, Michael Lamprecht, Raphael G\u00f6tz \/ Germany<\/p>\n<p>Jury Award for best costume and design: Juggler: Donial Kalex \/ Germany<\/p>\n<p>Engagement in \u201cPalazzo Colombino\u201d: Pole: Toan Le, Milu Chuh, Ferenc Heinrich \/ Germany<\/p>\n<p>Engagement in GOP Vari\u00e9t\u00e9: Hand to Hand: Sofie Jasmin Sabroe, Tuk Frederiksen \/ Denmark<\/p>\n<p>Engagement in Europapark: Teeterboard\/Chinese Pole: Boris Fodella, Charlie Mach, Baptiste Clerc, Zackary Arnaud \/ France, Switzerland<br \/>\nEngagement in a Roncalli production: Breakdance: Alexander Pollner, Marcel Geissler, Gregory Strischewsky, Michael Lamprecht, Raphael G\u00f6tz \/ Germany<\/p>\n<p>Engagement in the show \u201eFeuerwerk der Turnkunst\u201c in Germany: Hand to Hand: Jose Miguel Martinez, Gabriela Diaz Cardozo \/ Colombia<br \/>\nEngagement in the Circolo Weihnachts Circus in Freiburg: Pole: Toan Le, Milu Chuh, Ferenc Heinrich \/ Germany<br \/>\nEngagement in Variet\u00e9 am Seepark in Freiburg: Juggler: Maksym Holovchenko, Vladyslav Gapanovych, Yevhenii Pakhalovych \/ Ukraine<br \/>\nEngagement in \u201eStille Kracht\u201c \/ Casino Theater Winterthur: : Hula Hoop: M\u00e9lodie Lamoureux \/ Canada<br \/>\nEngagement in Circus Natale: Aerial: Jason Lukas Br\u00fcgger \/ Switzerland<\/p>\n<p>Prize of Cirque du Soleil Award for innovative Artistic Vision &amp; Performance: Teeterboard\/Chinese Pole: Boris Fodella, Charlie Mach, Baptiste Clerc, Zackary Arnaud \/ France, Switzerland<br \/>\nCircus Monti Prize, Special prize: Teeterboard\/Chinese Pole: Boris Fodella, Charlie Mach, Baptiste Clerc, Zackary Arnaud \/ France, Switzerland<\/p>\n<p>Prize of the Circus-, Vari\u00e9t\u00e9-, and Artistfriends: Diabolo: Fabian Galouye \/ France<\/p>\n<h2><strong>Jury 2016:<\/strong><\/h2>\n<p>Nadja Sieger, comedian and actress (Switzerland)<br \/>\nPhilippe Agogu\u00e9, senior acrobatic Talent Scout Europe with Cirque du Soleil (France)<br \/>\nChristoph Haering, Head of performing arts &amp; literature of Migros Genossenschaftsbund (Switzerland)<br \/>\nIan Jenkins, Entertainment Chef Europapark (Germany)<br \/>\nWerner Buss, Director of the GOP Variet\u00e9 theatre in Germany (Germany)<br \/>\nFreddy Nock, exceptional talent in tight wire dancing (Switzerland)<br \/>\nViktor Kee, Professional Juggler (Ukraine)<\/p>\n<h2><strong>Sponsors and Partners:<\/strong><\/h2>\n<p>Location-Partner:<br \/>\nDAS ZELT Productions AG<\/p>\n<p>TV-Partner:<br \/>\nPostFinance AG I<\/p>\n<p>Mainsponsors<br \/>\nMIGROS Kulturprozent<br \/>\nMerian Iselin Klinik<\/p>\n<p>Sponsors<br \/>\nMINI Switzerland<br \/>\nHotel St\u00fccki<br \/>\nEuropapark Settelen AG<br \/>\nValencia Kommunikation AG<br \/>\nDr.W.A. G\u00fcnther Media Rent AG<\/p>\n<p>Supported by<br \/>\nIsaac Dreyfus Bernheim Stiftung<br \/>\nPricewaterhouseCoopers AG<br \/>\nSwisslos Fonds Basel-Stadt<br \/>\nSwisslos Fonds Basel-Landschaft<\/p>\n<p>Supplier<br \/>\nSwiss Youth Hostels<br \/>\nBasel Tourismus<br \/>\nDruckerei Bloch<br \/>\nevent trend<br \/>\nKost\u00fcm Kaiser AG<br \/>\nPro Innerstadt<\/p>\n<p>Benefactors:<br \/>\nSunstar Hotels<br \/>\nJubil\u00e4umsstiftung der Basellandschaftlichen Kantonalbank<br \/>\nScheidegger \u2013 Thommen Stiftung<\/p>\n<p>Mediapartner<br \/>\nSAT 1 Schweiz<br \/>\nBasellandschaftliche Zeitung<br \/>\nTelebasel<br \/>\nRadio Basilisk<\/p>\n<p>Partner TV-Production<br \/>\nBBM Productions AG<\/p>\n<p>Moderation: Max Loong, Nina Havel<\/p>\n<p>Choreography: Jacqueline Heutschi<\/p>\n<p>Band: \u00c4L Jawala<\/p>\n<p>Stage Director: Nicolas Stroet<\/p>\n<p>Festival Director \/ Head Showproduction: Nadja Hauser<\/p>\n<p>Sales &amp; Event manager: Michael Wieser<\/p>\n<p>President of the association: Rony Hauser<\/p>\n<p>Photographer: Pablo W\u00fcnsch Blanco[\/vc_column_text][\/vc_column][\/vc_row]<\/p>\n<\/section>","protected":false},"excerpt":{"rendered":"<p>[vc_row][vc_column][vc_column_text] Festival 2016 [\/vc_column_text][\/vc_column][\/vc_row][vc_row][vc_column][vc_video align=&#8221;center&#8221; link=&#8221;https:\/\/youtu.be\/m4jQMSezfFU?t=426&#8243;][vc_video align=&#8221;center&#8221; link=&#8221;https:\/\/youtu.be\/EEB6J13bKtM&#8221;][vc_video align=&#8221;center&#8221; link=&#8221;https:\/\/youtu.be\/nL0k9vEbFuE&#8221;][vc_video align=&#8221;center&#8221; link=&#8221;https:\/\/vimeo.com\/190727331&#8243;][\/vc_column][\/vc_row][vc_row][vc_column][vc_column_text]Copyright all photos by Pablo W\u00fcnsch Blanco https:\/\/pablowunschblanco.com The Artists [\/vc_column_text][vc_masonry_media_grid grid_id=&#8221;vc_gid:1669823355786-b5974782-7da1-2&#8243; include=&#8221;9337,9336,9335,9334,9333,9332,9331,9330,9329,9328,9327,9326,9325,9324&#8243;][\/vc_column][\/vc_row][vc_row][vc_column][vc_column_text] Backstage [\/vc_column_text][vc_masonry_media_grid grid_id=&#8221;vc_gid:1669823355787-50d77bc3-8a61-8&#8243; include=&#8221;9345,9344,9343,9342,9341,9340,9339,9338&#8243;][\/vc_column][\/vc_row][vc_row][vc_column][vc_column_text] Winner [\/vc_column_text][vc_masonry_media_grid<\/p>\n","protected":false},"author":1,"featured_media":0,"parent":6201,"menu_order":0,"comment_status":"closed","ping_status":"closed","template":"","meta":{"inline_featured_image":false,"iawp_total_views":110,"footnotes":""},"class_list":["post-9839","page","type-page","status-publish","hentry"],"_links":{"self":[{"href":"https:\/\/www.young-stage.com\/en\/wp-json\/wp\/v2\/pages\/9839","targetHints":{"allow":["GET"]}}],"collection":[{"href":"https:\/\/www.young-stage.com\/en\/wp-json\/wp\/v2\/pages"}],"about":[{"href":"https:\/\/www.young-stage.com\/en\/wp-json\/wp\/v2\/types\/page"}],"author":[{"embeddable":true,"href":"https:\/\/www.young-stage.com\/en\/wp-json\/wp\/v2\/users\/1"}],"replies":[{"embeddable":true,"href":"https:\/\/www.young-stage.com\/en\/wp-json\/wp\/v2\/comments?post=9839"}],"version-history":[{"count":0,"href":"https:\/\/www.young-stage.com\/en\/wp-json\/wp\/v2\/pages\/9839\/revisions"}],"up":[{"embeddable":true,"href":"https:\/\/www.young-stage.com\/en\/wp-json\/wp\/v2\/pages\/6201"}],"wp:attachment":[{"href":"https:\/\/www.young-stage.com\/en\/wp-json\/wp\/v2\/media?parent=9839"}],"curies":[{"name":"wp","href":"https:\/\/api.w.org\/{rel}","templated":true}]}}