{"id":9863,"date":"2020-10-07T16:51:11","date_gmt":"2020-10-07T14:51:11","guid":{"rendered":"https:\/\/www.young-stage.com\/?page_id=9863"},"modified":"2022-11-30T17:09:58","modified_gmt":"2022-11-30T16:09:58","slug":"festival-2011","status":"publish","type":"page","link":"https:\/\/www.young-stage.com\/en\/impressionen\/festival-2011\/","title":{"rendered":"Festival 2011"},"content":{"rendered":"<section class=\"wpb-content-wrapper\"><p>[vc_row][vc_column][vc_column_text]<\/p>\n<h1>Festival 2011<\/h1>\n<p>[\/vc_column_text]<div class=\"dfd-spacer-module\"  data-units=\"px\" data-wide_resolution=\"1280\" data-wide_size=\"40\" data-normal_resolution=\"1024\" data-normal_size=\"40\" data-tablet_resolution=\"800\" data-tablet_size=\"40\" data-mobile_resolution=\"480\" data-mobile_size=\"40\" style=\"height: 40px;\"><\/div><div class=\"dfd-spacer-module\"  data-units=\"px\" data-wide_resolution=\"1280\" data-wide_size=\"40\" data-normal_resolution=\"1024\" data-normal_size=\"40\" data-tablet_resolution=\"800\" data-tablet_size=\"40\" data-mobile_resolution=\"480\" data-mobile_size=\"40\" style=\"height: 40px;\"><\/div><div class=\"dfd-spacer-module\"  data-units=\"px\" data-wide_resolution=\"1280\" data-wide_size=\"40\" data-normal_resolution=\"1024\" data-normal_size=\"40\" data-tablet_resolution=\"800\" data-tablet_size=\"40\" data-mobile_resolution=\"480\" data-mobile_size=\"40\" style=\"height: 40px;\"><\/div>[\/vc_column][\/vc_row][vc_row][vc_column]<div class=\"dfd-spacer-module\"  data-units=\"px\" data-wide_resolution=\"1280\" data-wide_size=\"40\" data-normal_resolution=\"1024\" data-normal_size=\"40\" data-tablet_resolution=\"800\" data-tablet_size=\"40\" data-mobile_resolution=\"480\" data-mobile_size=\"40\" style=\"height: 40px;\"><\/div>[vc_video align=&#8221;center&#8221; link=&#8221;https:\/\/youtu.be\/YfdleV7xIW4&#8243;]<div class=\"dfd-spacer-module\"  data-units=\"px\" data-wide_resolution=\"1280\" data-wide_size=\"40\" data-normal_resolution=\"1024\" data-normal_size=\"40\" data-tablet_resolution=\"800\" data-tablet_size=\"40\" data-mobile_resolution=\"480\" data-mobile_size=\"40\" style=\"height: 40px;\"><\/div>[vc_video align=&#8221;center&#8221; link=&#8221;https:\/\/youtu.be\/3PJmCrns9is&#8221;]<div class=\"dfd-spacer-module\"  data-units=\"px\" data-wide_resolution=\"1280\" data-wide_size=\"40\" data-normal_resolution=\"1024\" data-normal_size=\"40\" data-tablet_resolution=\"800\" data-tablet_size=\"40\" data-mobile_resolution=\"480\" data-mobile_size=\"40\" style=\"height: 40px;\"><\/div>[vc_video align=&#8221;center&#8221; link=&#8221;https:\/\/youtu.be\/jwZAWeKHmbI&#8221;]<div class=\"dfd-spacer-module\"  data-units=\"px\" data-wide_resolution=\"1280\" data-wide_size=\"40\" data-normal_resolution=\"1024\" data-normal_size=\"40\" data-tablet_resolution=\"800\" data-tablet_size=\"40\" data-mobile_resolution=\"480\" data-mobile_size=\"40\" style=\"height: 40px;\"><\/div>[vc_video align=&#8221;center&#8221; link=&#8221;https:\/\/youtu.be\/oPU60TTmy6o&#8221;]<div class=\"dfd-spacer-module\"  data-units=\"px\" data-wide_resolution=\"1280\" data-wide_size=\"40\" data-normal_resolution=\"1024\" data-normal_size=\"40\" data-tablet_resolution=\"800\" data-tablet_size=\"40\" data-mobile_resolution=\"480\" data-mobile_size=\"40\" style=\"height: 40px;\"><\/div>[vc_video align=&#8221;center&#8221; link=&#8221;https:\/\/youtu.be\/ndnwRDyUmU0&#8243;]<div class=\"dfd-spacer-module\"  data-units=\"px\" data-wide_resolution=\"1280\" data-wide_size=\"40\" data-normal_resolution=\"1024\" data-normal_size=\"40\" data-tablet_resolution=\"800\" data-tablet_size=\"40\" data-mobile_resolution=\"480\" data-mobile_size=\"40\" style=\"height: 40px;\"><\/div>[vc_video align=&#8221;center&#8221; link=&#8221;https:\/\/youtu.be\/NHwKfpzqL60&#8243;]<div class=\"dfd-spacer-module\"  data-units=\"px\" data-wide_resolution=\"1280\" data-wide_size=\"40\" data-normal_resolution=\"1024\" data-normal_size=\"40\" data-tablet_resolution=\"800\" data-tablet_size=\"40\" data-mobile_resolution=\"480\" data-mobile_size=\"40\" style=\"height: 40px;\"><\/div>[vc_video align=&#8221;center&#8221; link=&#8221;https:\/\/youtu.be\/9N0s67n89rY&#8221;]<div class=\"dfd-spacer-module\"  data-units=\"px\" data-wide_resolution=\"1280\" data-wide_size=\"40\" data-normal_resolution=\"1024\" data-normal_size=\"40\" data-tablet_resolution=\"800\" data-tablet_size=\"40\" data-mobile_resolution=\"480\" data-mobile_size=\"40\" style=\"height: 40px;\"><\/div>[vc_video align=&#8221;center&#8221; link=&#8221;https:\/\/youtu.be\/1IHcvgmtRQ8&#8243;]<div class=\"dfd-spacer-module\"  data-units=\"px\" data-wide_resolution=\"1280\" data-wide_size=\"40\" data-normal_resolution=\"1024\" data-normal_size=\"40\" data-tablet_resolution=\"800\" data-tablet_size=\"40\" data-mobile_resolution=\"480\" data-mobile_size=\"40\" style=\"height: 40px;\"><\/div><div class=\"dfd-spacer-module\"  data-units=\"px\" data-wide_resolution=\"1280\" data-wide_size=\"40\" data-normal_resolution=\"1024\" data-normal_size=\"40\" data-tablet_resolution=\"800\" data-tablet_size=\"40\" data-mobile_resolution=\"480\" data-mobile_size=\"40\" style=\"height: 40px;\"><\/div><div class=\"dfd-spacer-module\"  data-units=\"px\" data-wide_resolution=\"1280\" data-wide_size=\"40\" data-normal_resolution=\"1024\" data-normal_size=\"40\" data-tablet_resolution=\"800\" data-tablet_size=\"40\" data-mobile_resolution=\"480\" data-mobile_size=\"40\" style=\"height: 40px;\"><\/div>[\/vc_column][\/vc_row][vc_row][vc_column][vc_column_text]Copyright all photos by Pablo W\u00fcnsch Blanco\u00a0<a href=\"https:\/\/pablowunschblanco.com\" target=\"_blank\" rel=\"noopener noreferrer\">https:\/\/pablowunschblanco.com<\/a><\/p>\n<h3><strong>The Festival<\/strong><\/h3>\n<p>[\/vc_column_text]<div class=\"dfd-spacer-module\"  data-units=\"px\" data-wide_resolution=\"1280\" data-wide_size=\"40\" data-normal_resolution=\"1024\" data-normal_size=\"40\" data-tablet_resolution=\"800\" data-tablet_size=\"40\" data-mobile_resolution=\"480\" data-mobile_size=\"40\" style=\"height: 40px;\"><\/div>[vc_masonry_media_grid grid_id=&#8221;vc_gid:1669824474323-229b531a-885d-1&#8243; include=&#8221;8974,8975,8973,8964,8972,8971,8970,8969,8968,8967,8966,8965,8963,8962,8961,8960,8959,8958,8943,8957,8955,8956,8954,8953,8952,8976,8951,8950,8949,8948,8947,8946,8945,8944,8942,8941,8940,8939,8938,8936,8937,8935,8934,8933,8932,8930,8931,8928,8929,8926,8927,8925,8923,8924,8921,8922,8919,8920,8918,8917&#8243;]<div class=\"dfd-spacer-module\"  data-units=\"px\" data-wide_resolution=\"1280\" data-wide_size=\"40\" data-normal_resolution=\"1024\" data-normal_size=\"40\" data-tablet_resolution=\"800\" data-tablet_size=\"40\" data-mobile_resolution=\"480\" data-mobile_size=\"40\" style=\"height: 40px;\"><\/div><div class=\"dfd-spacer-module\"  data-units=\"px\" data-wide_resolution=\"1280\" data-wide_size=\"40\" data-normal_resolution=\"1024\" data-normal_size=\"40\" data-tablet_resolution=\"800\" data-tablet_size=\"40\" data-mobile_resolution=\"480\" data-mobile_size=\"40\" style=\"height: 40px;\"><\/div>[\/vc_column][\/vc_row][vc_row][vc_column][vc_column_text]<\/p>\n<h3><strong>Backstage<\/strong><\/h3>\n<p>[\/vc_column_text]<div class=\"dfd-spacer-module\"  data-units=\"px\" data-wide_resolution=\"1280\" data-wide_size=\"40\" data-normal_resolution=\"1024\" data-normal_size=\"40\" data-tablet_resolution=\"800\" data-tablet_size=\"40\" data-mobile_resolution=\"480\" data-mobile_size=\"40\" style=\"height: 40px;\"><\/div>[vc_masonry_media_grid grid_id=&#8221;vc_gid:1669824474323-75a0dc54-0bfd-8&#8243; include=&#8221;8892,8890,8891,8887,8888,8889,8884,8885,8886,8882,8883,8881,8878,8879,8880,8875,8876,8877,8872,8873,8874,8871,8870,8867,8868,8869,8866,8864,8865,8863,8862,8860,8861,8858,8859,8855,8856,8857,8854,8853,8852,8851,8850,8849,8848,8847,8846,8843,8845,8844,8842,8841,8840,8839,8838,8837,8836,8835,8834,8833,8831,8832,8830,8829,8826,8828,8827,8823,8825,8824,8821,8822,8820,8819,8818,8815,8817,8816,8814,8813,8812,8811,8810,8809&#8243;]<div class=\"dfd-spacer-module\"  data-units=\"px\" data-wide_resolution=\"1280\" data-wide_size=\"40\" data-normal_resolution=\"1024\" data-normal_size=\"40\" data-tablet_resolution=\"800\" data-tablet_size=\"40\" data-mobile_resolution=\"480\" data-mobile_size=\"40\" style=\"height: 40px;\"><\/div><div class=\"dfd-spacer-module\"  data-units=\"px\" data-wide_resolution=\"1280\" data-wide_size=\"40\" data-normal_resolution=\"1024\" data-normal_size=\"40\" data-tablet_resolution=\"800\" data-tablet_size=\"40\" data-mobile_resolution=\"480\" data-mobile_size=\"40\" style=\"height: 40px;\"><\/div>[\/vc_column][\/vc_row][vc_row][vc_column]<div class=\"dfd-spacer-module\"  data-units=\"px\" data-wide_resolution=\"1280\" data-wide_size=\"40\" data-normal_resolution=\"1024\" data-normal_size=\"40\" data-tablet_resolution=\"800\" data-tablet_size=\"40\" data-mobile_resolution=\"480\" data-mobile_size=\"40\" style=\"height: 40px;\"><\/div>[vc_column_text]<\/p>\n<h3><strong>Winner<\/strong><\/h3>\n<p>[\/vc_column_text][vc_masonry_media_grid grid_id=&#8221;vc_gid:1669824474324-8ef6c5f6-5289-0&#8243; include=&#8221;8904,8903,8902,8901,8900,8899,8898,8897,8896,8895,8894,8893&#8243;]<div class=\"dfd-spacer-module\"  data-units=\"px\" data-wide_resolution=\"1280\" data-wide_size=\"40\" data-normal_resolution=\"1024\" data-normal_size=\"40\" data-tablet_resolution=\"800\" data-tablet_size=\"40\" data-mobile_resolution=\"480\" data-mobile_size=\"40\" style=\"height: 40px;\"><\/div><div class=\"dfd-spacer-module\"  data-units=\"px\" data-wide_resolution=\"1280\" data-wide_size=\"40\" data-normal_resolution=\"1024\" data-normal_size=\"40\" data-tablet_resolution=\"800\" data-tablet_size=\"40\" data-mobile_resolution=\"480\" data-mobile_size=\"40\" style=\"height: 40px;\"><\/div>[\/vc_column][\/vc_row][vc_row][vc_column][vc_column_text]<\/p>\n<h1><strong>This was the festival 2011<\/strong><\/h1>\n<h2><strong>Artists 2011<\/strong><\/h2>\n<p>Christopher Schlunk &amp; Iris Pelz |\u00a0Deutschland | Partnerakrobatik<br \/>\nYuliya und Anastasiya Istomina | Russland | \u00c4quilibristik<br \/>\nArtur Bezkorynny | Ukraine | Handstand\u00e4quilibristik<br \/>\nKilian Caso | Franco-Amerikanisch | Tanzseil<br \/>\nValo Hollenstein &amp; Vincent Maggioni | Frankreich | Chinesischer Mast<br \/>\nNikolaj Munk, Tiago Fonseca &amp; Daniel Goncalves | Portugal &amp; D\u00e4nemark | Comedy<br \/>\nPranay Werner | Deutschland | Diabolo<br \/>\nJo\u00eblle Huguenin | Schweiz | Jonglage<br \/>\nKerttu Pussinen | Finnland | Strapaten<br \/>\nLaurin Buser, Sascha F. , Janick | Schweiz | Poetry Beat Break<br \/>\nOleksiy Kurinskiyy &amp; Oxana Mikhno | Ukraine | Strapaten<br \/>\nGuillermo Aranzana, Manel Ros\u00e9s, Oscar Karlsson, Nilas Kronlid |<br \/>\n\u201c Balagans\u201c | Spanien &amp; Schweden | Schleuderbrett<br \/>\nFlorian Zumkehr | Schweiz | Handstand\u00e4quilibristik<br \/>\nSimon Nadeau | Kanada | Leiter \/ Balance<br \/>\nRoue Cyr | Ethan Law | USA | Roue Cyr<\/p>\n<p><strong>Preistr\u00e4ger<\/strong><br \/>\nGoldener Stern: Balagans | Spanien \/ Schweden<br \/>\nSilberner Stern: Valo Hollenstein &amp; Vincent Maggioni | Chinesischer Mast | Frankreich<br \/>\nBronzener Stern: Pranay Werner | Deutschland | Diabolo<br \/>\nYoung Star: Yuliya &amp; Anastasiya | \u00c4quilibristik | Russland<br \/>\nPublikums Preis: Chris &amp; Iris | Deutschland | Partnerakrobatik<br \/>\nEngagement TV Sendung Benissimo: Yuliya &amp; Anastasiya | \u00c4quilibristik | Russland<br \/>\nEngagement im GOP Variet\u00e9: Ethan Law | USA | Roue Cyr<br \/>\nEngagement im Palazzo Colombino: Artur Bezkorynny | Ukraine | Handstand\u00e4quilibristik<br \/>\nEngagement im Europapark: Chris &amp; Iris | Deutschland | Partnerakrobatik<br \/>\nEngagement im Variet\u00e9 am Seepark: Jo\u00eblle Huguenin | Schweiz | Jonglage<br \/>\nEngagement im Circolo Weihnachts Circus: Oleksiy Kurinskiyy &amp; Oxana Mikhno | Ukraine | Strapaten<br \/>\nPrix Migros: Florian Zumkehr | Schweiz | Handstand\u00e4quilibristik<br \/>\nSwiss Cup Preis: Chris &amp; Iris | Deutschland | Partnerakrobatik<br \/>\nPreis der Circus-Vari\u00e9t\u00e9 und Artistenfreunde: Simon Nadeau | Kanada | Leiter \/ Balance<\/p>\n<h2><\/h2>\n<h2><strong>Jury<\/strong><\/h2>\n<p>Philippe Agogu\u00e9, Head Talent Scout Europe, Cirque du Soleil, Frankreich<br \/>\nRichard Wherlock, Direktor Ballett Basel<br \/>\nMax Sieber, ehem. Unterhaltungschef Schweizer Fernsehen, Regisseur und Produzent, Z\u00fcrich<br \/>\nAnja Wyttenbach, Soloartistin Cirque du Soleil, Basel | Las Vegas<br \/>\nChristoph Haering, Leiter der Abteilung Darstellende K\u00fcnste und Literatur in der Direktion Kultur und Soziales beim Migros-Genossenschafts-Bund, Z\u00fcrich<br \/>\nJan Jenkins, Leiter aller Shows im Europapark, Deutschland<br \/>\nWerner Buss, Entertainmentchef der GOP Variet\u00e9s, Europas gr\u00f6sstem Variet\u00e9unternehmen, Deutschland<\/p>\n<p><strong>Moderation<br \/>\n<\/strong>Max Loong<\/p>\n<p><strong>Choreographie<br \/>\n<\/strong>Sandro Minasi, Daniel Borak<\/p>\n<p>Band<br \/>\n\u00c4l Jawala<\/p>\n<p><strong>Regie<br \/>\n<\/strong>Nicolas Stroet<\/p>\n<p><strong>Lichtdesign\/Technik<br \/>\n<\/strong>Tokyoblue, Serge Schmuki<\/p>\n<p><strong>Festivalleitung | Leitung Showproduktion<br \/>\n<\/strong>Nadja Hauser<\/p>\n<p><strong>Co-Leitung<br \/>\n<\/strong>Nadine Engler<\/p>\n<p><strong>Vereinspr\u00e4sident<br \/>\n<\/strong>Rony Hauser<\/p>\n<p><strong>Sponsoren\u00a0<\/strong>+<strong>\u00a0Partner:<\/strong><\/p>\n<p><strong>Hauptsponsor<br \/>\n<\/strong>Migros<br \/>\n<strong>Sponsoren<br \/>\n<\/strong>Schweizer Jugendherbergen | Merian Iselin Klinik | Bank CIC | Settelen AG | L\u00e4ckerli Huus | Europapark | IWB | Sunstar Hotels<br \/>\n<strong>Supplier<br \/>\n<\/strong>Basel Tourismus | Druckerei Bloch | Kreon Communications AG | DAS ZELT<br \/>\n<strong>Medienpartner<br \/>\n<\/strong>Schweizer Fernsehen | Telebasel | Baslerstab<br \/>\n<strong>Mit freundlicher Unterst\u00fctzung von<br \/>\n<\/strong>Swisslos-Fonds Basel-Stadt + Basel-Landschaft | Christoph Merian Kantonalbankenstiftung | Ernst G\u00f6hner Stiftung | Scheidegger Thommen Stiftung[\/vc_column_text][\/vc_column][\/vc_row]<\/p>\n<\/section>","protected":false},"excerpt":{"rendered":"<p>[vc_row][vc_column][vc_column_text] Festival 2011 [\/vc_column_text][\/vc_column][\/vc_row][vc_row][vc_column][vc_video align=&#8221;center&#8221; link=&#8221;https:\/\/youtu.be\/YfdleV7xIW4&#8243;][vc_video align=&#8221;center&#8221; link=&#8221;https:\/\/youtu.be\/3PJmCrns9is&#8221;][vc_video align=&#8221;center&#8221; link=&#8221;https:\/\/youtu.be\/jwZAWeKHmbI&#8221;][vc_video align=&#8221;center&#8221; link=&#8221;https:\/\/youtu.be\/oPU60TTmy6o&#8221;][vc_video align=&#8221;center&#8221; link=&#8221;https:\/\/youtu.be\/ndnwRDyUmU0&#8243;][vc_video align=&#8221;center&#8221; link=&#8221;https:\/\/youtu.be\/NHwKfpzqL60&#8243;][vc_video align=&#8221;center&#8221; link=&#8221;https:\/\/youtu.be\/9N0s67n89rY&#8221;][vc_video align=&#8221;center&#8221; link=&#8221;https:\/\/youtu.be\/1IHcvgmtRQ8&#8243;][\/vc_column][\/vc_row][vc_row][vc_column][vc_column_text]Copyright all photos by Pablo W\u00fcnsch Blanco\u00a0https:\/\/pablowunschblanco.com The Festival [\/vc_column_text][vc_masonry_media_grid grid_id=&#8221;vc_gid:1669824474323-229b531a-885d-1&#8243;<\/p>\n","protected":false},"author":1,"featured_media":0,"parent":6201,"menu_order":0,"comment_status":"closed","ping_status":"closed","template":"","meta":{"inline_featured_image":false,"iawp_total_views":101,"footnotes":""},"class_list":["post-9863","page","type-page","status-publish","hentry"],"_links":{"self":[{"href":"https:\/\/www.young-stage.com\/en\/wp-json\/wp\/v2\/pages\/9863","targetHints":{"allow":["GET"]}}],"collection":[{"href":"https:\/\/www.young-stage.com\/en\/wp-json\/wp\/v2\/pages"}],"about":[{"href":"https:\/\/www.young-stage.com\/en\/wp-json\/wp\/v2\/types\/page"}],"author":[{"embeddable":true,"href":"https:\/\/www.young-stage.com\/en\/wp-json\/wp\/v2\/users\/1"}],"replies":[{"embeddable":true,"href":"https:\/\/www.young-stage.com\/en\/wp-json\/wp\/v2\/comments?post=9863"}],"version-history":[{"count":0,"href":"https:\/\/www.young-stage.com\/en\/wp-json\/wp\/v2\/pages\/9863\/revisions"}],"up":[{"embeddable":true,"href":"https:\/\/www.young-stage.com\/en\/wp-json\/wp\/v2\/pages\/6201"}],"wp:attachment":[{"href":"https:\/\/www.young-stage.com\/en\/wp-json\/wp\/v2\/media?parent=9863"}],"curies":[{"name":"wp","href":"https:\/\/api.w.org\/{rel}","templated":true}]}}